{"id":123,"date":"2018-11-10T14:18:41","date_gmt":"2018-11-10T14:18:41","guid":{"rendered":"https:\/\/selinger.eu\/?page_id=123"},"modified":"2023-02-01T12:19:35","modified_gmt":"2023-02-01T12:19:35","slug":"impressum","status":"publish","type":"page","link":"https:\/\/selinger.eu\/?page_id=123","title":{"rendered":"Impressum"},"content":{"rendered":"<h2>Impressum<\/h2>\n<h3>Angaben gem\u00e4\u00df \u00a7 5 TMG<\/h3>\n<p>Markus Selinger<br \/>\nFreier Journalist<br \/>\nPirmaterstrasse 15<br \/>\n81375 M\u00fcnchen<\/p>\n<h3>Kontakt<\/h3>\n<p>Telefon: +49 171 5302663<br \/>\nTelefax: +49 89 71019956<br \/>\nE-Mail: presse@mselinger.de<\/p>\n<h3>Umsatzsteuer<\/h3>\n<p>Umsatzsteuer-Identifikationsnummer gem\u00e4\u00df \u00a727 a Umsatzsteuergesetz:<br \/>\nDE301954460<\/p>\n<h3>Angaben zur Berufshaftpflichtversicherung<\/h3>\n<p>Name und Sitz des Versicherers:<br \/>\nHiscox Europe Underwriting Limited<br \/>\nZweigniederlassung f\u00fcr die Bundesrepublik Deutschland<br \/>\nHauptbevollm\u00e4chtigter: Robert Dietrich<br \/>\nArnulfstra\u00dfe 31<br \/>\n80636 M\u00fcnchen<br \/>\nE-Mail: hiscox.info@hiscox.de<br \/>\nInternet: www.hiscox.de<\/p>\n<p>Geltungsraum der Versicherung:<br \/>\nDeutschland<\/p>\n<p>Wir sind nicht bereit oder verpflichtet, an Streitbeilegungsverfahren vor einer Verbraucherschlichtungsstelle teilzunehmen.<\/p>\n<h3>Haftung f\u00fcr Inhalte<\/h3>\n<p>Als Diensteanbieter sind wir gem\u00e4\u00df \u00a7 7 Abs.1 TMG f\u00fcr eigene Inhalte auf diesen Seiten nach den allgemeinen Gesetzen verantwortlich. Nach \u00a7\u00a7 8 bis 10 TMG sind wir als Diensteanbieter jedoch nicht verpflichtet, \u00fcbermittelte oder gespeicherte fremde Informationen zu \u00fcberwachen oder nach Umst\u00e4nden zu forschen, die auf eine rechtswidrige T\u00e4tigkeit hinweisen.<\/p>\n<p>Verpflichtungen zur Entfernung oder Sperrung der Nutzung von Informationen nach den allgemeinen Gesetzen bleiben hiervon unber\u00fchrt. Eine diesbez\u00fcgliche Haftung ist jedoch erst ab dem Zeitpunkt der Kenntnis einer konkreten Rechtsverletzung m\u00f6glich. Bei Bekanntwerden von entsprechenden Rechtsverletzungen werden wir diese Inhalte umgehend entfernen.<\/p>\n<h3>Haftung f\u00fcr Links<\/h3>\n<p>Unser Angebot enth\u00e4lt Links zu externen Websites Dritter, auf deren Inhalte wir keinen Einfluss haben. Deshalb k\u00f6nnen wir f\u00fcr diese fremden Inhalte auch keine Gew\u00e4hr \u00fcbernehmen. F\u00fcr die Inhalte der verlinkten Seiten ist stets der jeweilige Anbieter oder Betreiber der Seiten verantwortlich. Die verlinkten Seiten wurden zum Zeitpunkt der Verlinkung auf m\u00f6gliche Rechtsverst\u00f6\u00dfe \u00fcberpr\u00fcft. Rechtswidrige Inhalte waren zum Zeitpunkt der Verlinkung nicht erkennbar.<\/p>\n<p>Eine permanente inhaltliche Kontrolle der verlinkten Seiten ist jedoch ohne konkrete Anhaltspunkte einer Rechtsverletzung nicht zumutbar. Bei Bekanntwerden von Rechtsverletzungen werden wir derartige Links umgehend entfernen.<\/p>\n<h3>Urheberrecht<\/h3>\n<p>Die durch die Seitenbetreiber erstellten Inhalte und Werke auf diesen Seiten unterliegen dem deutschen Urheberrecht. Die Vervielf\u00e4ltigung, Bearbeitung, Verbreitung und jede Art der Verwertung au\u00dferhalb der Grenzen des Urheberrechtes bed\u00fcrfen der schriftlichen Zustimmung des jeweiligen Autors bzw. Erstellers. Downloads und Kopien dieser Seite sind nur f\u00fcr den privaten, nicht kommerziellen Gebrauch gestattet.<\/p>\n<p>Soweit die Inhalte auf dieser Seite nicht vom Betreiber erstellt wurden, werden die Urheberrechte Dritter beachtet. Insbesondere werden Inhalte Dritter als solche gekennzeichnet. Sollten Sie trotzdem auf eine Urheberrechtsverletzung aufmerksam werden, bitten wir um einen entsprechenden Hinweis. Bei Bekanntwerden von Rechtsverletzungen werden wir derartige Inhalte umgehend entfernen.<\/p>\n","protected":false},"excerpt":{"rendered":"<p>Impressum Angaben gem\u00e4\u00df \u00a7 5 TMG Markus Selinger Freier Journalist Pirmaterstrasse 15 81375 M\u00fcnchen Kontakt Telefon: +49 171 5302663 Telefax: +49 89 71019956 E-Mail: presse@mselinger.de Umsatzsteuer Umsatzsteuer-Identifikationsnummer gem\u00e4\u00df \u00a727 a Umsatzsteuergesetz: DE301954460 Angaben zur Berufshaftpflichtversicherung Name und Sitz des Versicherers: Hiscox Europe Underwriting Limited Zweigniederlassung f\u00fcr die Bundesrepublik Deutschland Hauptbevollm\u00e4chtigter: Robert Dietrich Arnulfstra\u00dfe 31 80636&hellip; <br \/> <a class=\"button small blue\" href=\"https:\/\/selinger.eu\/?page_id=123\">Weiterlesen<\/a><\/p>\n","protected":false},"author":1,"featured_media":0,"parent":0,"menu_order":0,"comment_status":"closed","ping_status":"open","template":"","meta":{"footnotes":""},"class_list":["post-123","page","type-page","status-publish","hentry"],"yoast_head":"<!-- This site is optimized with the Yoast SEO plugin v27.4 - https:\/\/yoast.com\/product\/yoast-seo-wordpress\/ -->\n<title>Impressum - Redaktionsb\u00fcro Selinger<\/title>\n<meta name=\"robots\" content=\"index, follow, max-snippet:-1, max-image-preview:large, max-video-preview:-1\" \/>\n<link rel=\"canonical\" href=\"https:\/\/selinger.eu\/?page_id=123\" \/>\n<meta property=\"og:locale\" content=\"de_DE\" \/>\n<meta property=\"og:type\" content=\"article\" \/>\n<meta property=\"og:title\" content=\"Impressum - Redaktionsb\u00fcro Selinger\" \/>\n<meta property=\"og:description\" content=\"Impressum Angaben gem\u00e4\u00df \u00a7 5 TMG Markus Selinger Freier Journalist Pirmaterstrasse 15 81375 M\u00fcnchen Kontakt Telefon: +49 171 5302663 Telefax: +49 89 71019956 E-Mail: presse@mselinger.de Umsatzsteuer Umsatzsteuer-Identifikationsnummer gem\u00e4\u00df \u00a727 a Umsatzsteuergesetz: DE301954460 Angaben zur Berufshaftpflichtversicherung Name und Sitz des Versicherers: Hiscox Europe Underwriting Limited Zweigniederlassung f\u00fcr die Bundesrepublik Deutschland Hauptbevollm\u00e4chtigter: Robert Dietrich Arnulfstra\u00dfe 31 80636&hellip; Weiterlesen\" \/>\n<meta property=\"og:url\" content=\"https:\/\/selinger.eu\/?page_id=123\" \/>\n<meta property=\"og:site_name\" content=\"Redaktionsb\u00fcro Selinger\" \/>\n<meta property=\"article:modified_time\" content=\"2023-02-01T12:19:35+00:00\" \/>\n<meta name=\"twitter:card\" content=\"summary_large_image\" \/>\n<meta name=\"twitter:label1\" content=\"Gesch\u00e4tzte Lesezeit\" \/>\n\t<meta name=\"twitter:data1\" content=\"3\u00a0Minuten\" \/>\n<script type=\"application\/ld+json\" class=\"yoast-schema-graph\">{\"@context\":\"https:\\\/\\\/schema.org\",\"@graph\":[{\"@type\":\"WebPage\",\"@id\":\"https:\\\/\\\/selinger.eu\\\/?page_id=123\",\"url\":\"https:\\\/\\\/selinger.eu\\\/?page_id=123\",\"name\":\"Impressum - Redaktionsb\u00fcro Selinger\",\"isPartOf\":{\"@id\":\"https:\\\/\\\/selinger.eu\\\/#website\"},\"datePublished\":\"2018-11-10T14:18:41+00:00\",\"dateModified\":\"2023-02-01T12:19:35+00:00\",\"breadcrumb\":{\"@id\":\"https:\\\/\\\/selinger.eu\\\/?page_id=123#breadcrumb\"},\"inLanguage\":\"de\",\"potentialAction\":[{\"@type\":\"ReadAction\",\"target\":[\"https:\\\/\\\/selinger.eu\\\/?page_id=123\"]}]},{\"@type\":\"BreadcrumbList\",\"@id\":\"https:\\\/\\\/selinger.eu\\\/?page_id=123#breadcrumb\",\"itemListElement\":[{\"@type\":\"ListItem\",\"position\":1,\"name\":\"Startseite\",\"item\":\"https:\\\/\\\/selinger.eu\\\/\"},{\"@type\":\"ListItem\",\"position\":2,\"name\":\"Impressum\"}]},{\"@type\":\"WebSite\",\"@id\":\"https:\\\/\\\/selinger.eu\\\/#website\",\"url\":\"https:\\\/\\\/selinger.eu\\\/\",\"name\":\"Redaktionsb\u00fcro Selinger\",\"description\":\"Redaktion - Corporate Publishing - Text\",\"potentialAction\":[{\"@type\":\"SearchAction\",\"target\":{\"@type\":\"EntryPoint\",\"urlTemplate\":\"https:\\\/\\\/selinger.eu\\\/?s={search_term_string}\"},\"query-input\":{\"@type\":\"PropertyValueSpecification\",\"valueRequired\":true,\"valueName\":\"search_term_string\"}}],\"inLanguage\":\"de\"}]}<\/script>\n<!-- \/ Yoast SEO plugin. -->","yoast_head_json":{"title":"Impressum - Redaktionsb\u00fcro Selinger","robots":{"index":"index","follow":"follow","max-snippet":"max-snippet:-1","max-image-preview":"max-image-preview:large","max-video-preview":"max-video-preview:-1"},"canonical":"https:\/\/selinger.eu\/?page_id=123","og_locale":"de_DE","og_type":"article","og_title":"Impressum - Redaktionsb\u00fcro Selinger","og_description":"Impressum Angaben gem\u00e4\u00df \u00a7 5 TMG Markus Selinger Freier Journalist Pirmaterstrasse 15 81375 M\u00fcnchen Kontakt Telefon: +49 171 5302663 Telefax: +49 89 71019956 E-Mail: presse@mselinger.de Umsatzsteuer Umsatzsteuer-Identifikationsnummer gem\u00e4\u00df \u00a727 a Umsatzsteuergesetz: DE301954460 Angaben zur Berufshaftpflichtversicherung Name und Sitz des Versicherers: Hiscox Europe Underwriting Limited Zweigniederlassung f\u00fcr die Bundesrepublik Deutschland Hauptbevollm\u00e4chtigter: Robert Dietrich Arnulfstra\u00dfe 31 80636&hellip; Weiterlesen","og_url":"https:\/\/selinger.eu\/?page_id=123","og_site_name":"Redaktionsb\u00fcro Selinger","article_modified_time":"2023-02-01T12:19:35+00:00","twitter_card":"summary_large_image","twitter_misc":{"Gesch\u00e4tzte Lesezeit":"3\u00a0Minuten"},"schema":{"@context":"https:\/\/schema.org","@graph":[{"@type":"WebPage","@id":"https:\/\/selinger.eu\/?page_id=123","url":"https:\/\/selinger.eu\/?page_id=123","name":"Impressum - Redaktionsb\u00fcro Selinger","isPartOf":{"@id":"https:\/\/selinger.eu\/#website"},"datePublished":"2018-11-10T14:18:41+00:00","dateModified":"2023-02-01T12:19:35+00:00","breadcrumb":{"@id":"https:\/\/selinger.eu\/?page_id=123#breadcrumb"},"inLanguage":"de","potentialAction":[{"@type":"ReadAction","target":["https:\/\/selinger.eu\/?page_id=123"]}]},{"@type":"BreadcrumbList","@id":"https:\/\/selinger.eu\/?page_id=123#breadcrumb","itemListElement":[{"@type":"ListItem","position":1,"name":"Startseite","item":"https:\/\/selinger.eu\/"},{"@type":"ListItem","position":2,"name":"Impressum"}]},{"@type":"WebSite","@id":"https:\/\/selinger.eu\/#website","url":"https:\/\/selinger.eu\/","name":"Redaktionsb\u00fcro Selinger","description":"Redaktion - Corporate Publishing - Text","potentialAction":[{"@type":"SearchAction","target":{"@type":"EntryPoint","urlTemplate":"https:\/\/selinger.eu\/?s={search_term_string}"},"query-input":{"@type":"PropertyValueSpecification","valueRequired":true,"valueName":"search_term_string"}}],"inLanguage":"de"}]}},"_links":{"self":[{"href":"https:\/\/selinger.eu\/index.php?rest_route=\/wp\/v2\/pages\/123","targetHints":{"allow":["GET"]}}],"collection":[{"href":"https:\/\/selinger.eu\/index.php?rest_route=\/wp\/v2\/pages"}],"about":[{"href":"https:\/\/selinger.eu\/index.php?rest_route=\/wp\/v2\/types\/page"}],"author":[{"embeddable":true,"href":"https:\/\/selinger.eu\/index.php?rest_route=\/wp\/v2\/users\/1"}],"replies":[{"embeddable":true,"href":"https:\/\/selinger.eu\/index.php?rest_route=%2Fwp%2Fv2%2Fcomments&post=123"}],"version-history":[{"count":3,"href":"https:\/\/selinger.eu\/index.php?rest_route=\/wp\/v2\/pages\/123\/revisions"}],"predecessor-version":[{"id":169,"href":"https:\/\/selinger.eu\/index.php?rest_route=\/wp\/v2\/pages\/123\/revisions\/169"}],"wp:attachment":[{"href":"https:\/\/selinger.eu\/index.php?rest_route=%2Fwp%2Fv2%2Fmedia&parent=123"}],"curies":[{"name":"wp","href":"https:\/\/api.w.org\/{rel}","templated":true}]}}